{"id":1383,"date":"2023-08-31T15:38:29","date_gmt":"2023-08-31T15:38:29","guid":{"rendered":"https:\/\/luwakenergy.com\/?page_id=1383"},"modified":"2024-02-27T09:04:46","modified_gmt":"2024-02-27T09:04:46","slug":"buy-luwak","status":"publish","type":"page","link":"https:\/\/luwakenergy.com\/es\/buy-luwak\/","title":{"rendered":"Comercio"},"content":{"rendered":"<div data-elementor-type=\"wp-page\" data-elementor-id=\"1383\" class=\"elementor elementor-1383\" data-elementor-post-type=\"page\">\n\t\t\t\t\t\t<section class=\"elementor-section elementor-top-section elementor-element elementor-element-2e0d638 elementor-section-boxed elementor-section-height-default elementor-section-height-default\" data-id=\"2e0d638\" data-element_type=\"section\" data-e-type=\"section\">\n\t\t\t\t\t\t<div class=\"elementor-container elementor-column-gap-default\">\n\t\t\t\t\t<div class=\"elementor-column elementor-col-100 elementor-top-column elementor-element elementor-element-97996b6\" data-id=\"97996b6\" data-element_type=\"column\" data-e-type=\"column\">\n\t\t\t<div class=\"elementor-widget-wrap elementor-element-populated\">\n\t\t\t\t\t\t<div class=\"elementor-element elementor-element-bab5180 elementor-widget elementor-widget-wc-elements\" data-id=\"bab5180\" data-element_type=\"widget\" data-e-type=\"widget\" data-widget_type=\"wc-elements.default\">\n\t\t\t\t<div class=\"elementor-widget-container\">\n\t\t\t\t\t<div class=\"woocommerce\">\t\t\t<div class=\"single-product\" data-product-page-preselected-id=\"0\">\n\t\t\t\t<div class=\"woocommerce-notices-wrapper\"><\/div><div id=\"product-20\" class=\"ast-article-single ast-woo-product-no-review desktop-align-left tablet-align-left mobile-align-left product type-product post-20 status-publish first instock product_cat-senza-categoria has-post-thumbnail virtual taxable product-type-simple\">\n\n\t<div class=\"woocommerce-product-gallery woocommerce-product-gallery--with-images woocommerce-product-gallery--columns-4 images\" data-columns=\"4\" style=\"opacity: 0; transition: opacity .25s ease-in-out;\">\n\t<div class=\"woocommerce-product-gallery__wrapper\">\n\t\t<div data-thumb=\"https:\/\/luwakenergy.com\/wp-content\/uploads\/2025\/09\/immagine-mokup2-scaled-100x100.jpg\" data-thumb-alt=\"Luwak +Energy\" data-thumb-srcset=\"https:\/\/luwakenergy.com\/wp-content\/uploads\/2025\/09\/immagine-mokup2-scaled-100x100.jpg 100w, https:\/\/luwakenergy.com\/wp-content\/uploads\/2025\/09\/immagine-mokup2-scaled-300x300.jpg 300w, https:\/\/luwakenergy.com\/wp-content\/uploads\/2025\/09\/immagine-mokup2-150x150.jpg 150w\"  data-thumb-sizes=\"(max-width: 100px) 100vw, 100px\" class=\"woocommerce-product-gallery__image\"><a href=\"https:\/\/luwakenergy.com\/wp-content\/uploads\/2025\/09\/immagine-mokup2-scaled.jpg\"><img fetchpriority=\"high\" decoding=\"async\" width=\"600\" height=\"400\" src=\"https:\/\/luwakenergy.com\/wp-content\/uploads\/2025\/09\/immagine-mokup2-scaled-600x400.jpg\" class=\"wp-post-image\" alt=\"Luwak +Energy\" data-caption=\"\" data-src=\"https:\/\/luwakenergy.com\/wp-content\/uploads\/2025\/09\/immagine-mokup2-scaled.jpg\" data-large_image=\"https:\/\/luwakenergy.com\/wp-content\/uploads\/2025\/09\/immagine-mokup2-scaled.jpg\" data-large_image_width=\"2560\" data-large_image_height=\"1707\" srcset=\"https:\/\/luwakenergy.com\/wp-content\/uploads\/2025\/09\/immagine-mokup2-scaled-600x400.jpg 600w, https:\/\/luwakenergy.com\/wp-content\/uploads\/2025\/09\/immagine-mokup2-300x200.jpg 300w, https:\/\/luwakenergy.com\/wp-content\/uploads\/2025\/09\/immagine-mokup2-1024x683.jpg 1024w, https:\/\/luwakenergy.com\/wp-content\/uploads\/2025\/09\/immagine-mokup2-768x512.jpg 768w, https:\/\/luwakenergy.com\/wp-content\/uploads\/2025\/09\/immagine-mokup2-1536x1024.jpg 1536w, https:\/\/luwakenergy.com\/wp-content\/uploads\/2025\/09\/immagine-mokup2-2048x1365.jpg 2048w, https:\/\/luwakenergy.com\/wp-content\/uploads\/2025\/09\/immagine-mokup2-18x12.jpg 18w, https:\/\/luwakenergy.com\/wp-content\/uploads\/2025\/09\/immagine-mokup2-1320x880.jpg 1320w\" sizes=\"(max-width: 600px) 100vw, 600px\" \/><\/a><\/div><div data-thumb=\"https:\/\/luwakenergy.com\/wp-content\/uploads\/2023\/08\/immagine-mokup6-scaled-100x100.jpg\" data-thumb-alt=\"Luwak +Energy - Imagen 2\" data-thumb-srcset=\"https:\/\/luwakenergy.com\/wp-content\/uploads\/2023\/08\/immagine-mokup6-scaled-100x100.jpg 100w, https:\/\/luwakenergy.com\/wp-content\/uploads\/2023\/08\/immagine-mokup6-scaled-300x300.jpg 300w, https:\/\/luwakenergy.com\/wp-content\/uploads\/2023\/08\/immagine-mokup6-150x150.jpg 150w\"  data-thumb-sizes=\"(max-width: 100px) 100vw, 100px\" class=\"woocommerce-product-gallery__image\" data-no-translation-data-thumb-alt=\"\"><a href=\"https:\/\/luwakenergy.com\/wp-content\/uploads\/2023\/08\/immagine-mokup6-scaled.jpg\"><img decoding=\"async\" width=\"600\" height=\"900\" src=\"https:\/\/luwakenergy.com\/wp-content\/uploads\/2023\/08\/immagine-mokup6-scaled-600x900.jpg\" class=\"\" alt=\"Luwak +Energy - Imagen 2\" data-caption=\"\" data-src=\"https:\/\/luwakenergy.com\/wp-content\/uploads\/2023\/08\/immagine-mokup6-scaled.jpg\" data-large_image=\"https:\/\/luwakenergy.com\/wp-content\/uploads\/2023\/08\/immagine-mokup6-scaled.jpg\" data-large_image_width=\"1707\" data-large_image_height=\"2560\" srcset=\"https:\/\/luwakenergy.com\/wp-content\/uploads\/2023\/08\/immagine-mokup6-scaled-600x900.jpg 600w, https:\/\/luwakenergy.com\/wp-content\/uploads\/2023\/08\/immagine-mokup6-200x300.jpg 200w, https:\/\/luwakenergy.com\/wp-content\/uploads\/2023\/08\/immagine-mokup6-683x1024.jpg 683w, https:\/\/luwakenergy.com\/wp-content\/uploads\/2023\/08\/immagine-mokup6-768x1152.jpg 768w, https:\/\/luwakenergy.com\/wp-content\/uploads\/2023\/08\/immagine-mokup6-1024x1536.jpg 1024w, https:\/\/luwakenergy.com\/wp-content\/uploads\/2023\/08\/immagine-mokup6-1365x2048.jpg 1365w, https:\/\/luwakenergy.com\/wp-content\/uploads\/2023\/08\/immagine-mokup6-8x12.jpg 8w, https:\/\/luwakenergy.com\/wp-content\/uploads\/2023\/08\/immagine-mokup6-1320x1980.jpg 1320w, https:\/\/luwakenergy.com\/wp-content\/uploads\/2023\/08\/immagine-mokup6-scaled.jpg 1707w\" sizes=\"(max-width: 600px) 100vw, 600px\" data-no-translation-alt=\"\" \/><\/a><\/div><div data-thumb=\"https:\/\/luwakenergy.com\/wp-content\/uploads\/2023\/08\/espositore-scaled-100x100.jpg\" data-thumb-alt=\"Luwak +Energy - Imagen 3\" data-thumb-srcset=\"https:\/\/luwakenergy.com\/wp-content\/uploads\/2023\/08\/espositore-scaled-100x100.jpg 100w, https:\/\/luwakenergy.com\/wp-content\/uploads\/2023\/08\/espositore-scaled-300x300.jpg 300w, https:\/\/luwakenergy.com\/wp-content\/uploads\/2023\/08\/espositore-150x150.jpg 150w\"  data-thumb-sizes=\"(max-width: 100px) 100vw, 100px\" class=\"woocommerce-product-gallery__image\" data-no-translation-data-thumb-alt=\"\"><a href=\"https:\/\/luwakenergy.com\/wp-content\/uploads\/2023\/08\/espositore-scaled.jpg\"><img decoding=\"async\" width=\"600\" height=\"400\" src=\"https:\/\/luwakenergy.com\/wp-content\/uploads\/2023\/08\/espositore-scaled-600x400.jpg\" class=\"\" alt=\"Luwak +Energy - Imagen 3\" data-caption=\"\" data-src=\"https:\/\/luwakenergy.com\/wp-content\/uploads\/2023\/08\/espositore-scaled.jpg\" data-large_image=\"https:\/\/luwakenergy.com\/wp-content\/uploads\/2023\/08\/espositore-scaled.jpg\" data-large_image_width=\"2560\" data-large_image_height=\"1707\" srcset=\"https:\/\/luwakenergy.com\/wp-content\/uploads\/2023\/08\/espositore-scaled-600x400.jpg 600w, https:\/\/luwakenergy.com\/wp-content\/uploads\/2023\/08\/espositore-300x200.jpg 300w, https:\/\/luwakenergy.com\/wp-content\/uploads\/2023\/08\/espositore-1024x683.jpg 1024w, https:\/\/luwakenergy.com\/wp-content\/uploads\/2023\/08\/espositore-768x512.jpg 768w, https:\/\/luwakenergy.com\/wp-content\/uploads\/2023\/08\/espositore-1536x1024.jpg 1536w, https:\/\/luwakenergy.com\/wp-content\/uploads\/2023\/08\/espositore-2048x1365.jpg 2048w, https:\/\/luwakenergy.com\/wp-content\/uploads\/2023\/08\/espositore-18x12.jpg 18w, https:\/\/luwakenergy.com\/wp-content\/uploads\/2023\/08\/espositore-1320x880.jpg 1320w\" sizes=\"(max-width: 600px) 100vw, 600px\" data-no-translation-alt=\"\" \/><\/a><\/div>\t<\/div>\n<\/div>\n\n\t<div class=\"summary entry-summary\">\n\t\t<span class=\"single-product-category\"><a href=\"https:\/\/luwakenergy.com\/es\/categoria-producto\/senza-categoria\/\" rel=\"tag\">Senza categoria<\/a><\/span><h1 class=\"product_title entry-title\">Luwak +Energy<\/h1><p class=\"price\"><\/p>\n <span class=\"ast-shipping-text\">&amp; Env\u00edo gratis<\/span><div class=\"product_meta\">\n\n\t\n\t\n\t<span class=\"posted_in\">Categor\u00eda: <a href=\"https:\/\/luwakenergy.com\/es\/categoria-producto\/senza-categoria\/\" rel=\"tag\">Senza categoria<\/a><\/span>\n\t\n\t\n<\/div>\n\t<\/div>\n\n\t\n\t<div class=\"woocommerce-tabs wc-tabs-wrapper\">\n\t\t<ul class=\"tabs wc-tabs\" role=\"tablist\">\n\t\t\t\t\t\t\t<li role=\"presentation\" class=\"description_tab\" id=\"tab-title-description\">\n\t\t\t\t\t<a href=\"#tab-description\" role=\"tab\" aria-controls=\"tab-description\">\n\t\t\t\t\t\tDescripci\u00f3n\t\t\t\t\t<\/a>\n\t\t\t\t<\/li>\n\t\t\t\t\t\t\t<li role=\"presentation\" class=\"additional_information_tab\" id=\"tab-title-additional_information\">\n\t\t\t\t\t<a href=\"#tab-additional_information\" role=\"tab\" aria-controls=\"tab-additional_information\">\n\t\t\t\t\t\tInformaci\u00f3n adicional\t\t\t\t\t<\/a>\n\t\t\t\t<\/li>\n\t\t\t\t\t<\/ul>\n\t\t\t\t\t<div class=\"woocommerce-Tabs-panel woocommerce-Tabs-panel--description panel entry-content wc-tab\" id=\"tab-description\" role=\"tabpanel\" aria-labelledby=\"tab-title-description\">\n\t\t\t\t\n\t<h2 data-no-translation=\"\" data-trp-gettext=\"\">Descripci\u00f3n<\/h2>\n\n<p data-start=\"0\" data-end=\"83\">\ud83d\ude80 <strong data-start=\"3\" data-end=\"77\">CREMA DE CAF\u00c9 ENERGIZANTE MONODOSIS: ENERG\u00cdA INSTANT\u00c1NEA DONDE EST\u00c9S! \u2615\ud83d\udd25<\/strong> \u2615\ud83d\udd25<\/p>\n<p data-start=\"85\" data-end=\"260\">\u2728 <strong data-start=\"87\" data-end=\"122\">Una r\u00e1faga de energ\u00eda en cada sorbo!<\/strong> solo sirven de paquetes de paquetes de un <strong data-start=\"156\" data-end=\"210\">rico, aterciopelada crema de caf\u00e9 con un energizante patada<\/strong>perfecto para afrontar el d\u00eda con fuerza<\/p>\n<p data-start=\"262\" data-end=\"508\">\u2705 <strong data-start=\"264\" data-end=\"288\">Efecto BOOST instant\u00e1neo<\/strong> gracias a la cafe\u00edna pura<br data-start=\"312\" data-end=\"315\" \/>\u2705 <strong data-start=\"317\" data-end=\"353\" data-is-only-node=\"\">Irresistible cremosa, sabor audaz<\/strong> Para los verdaderos amantes del caf\u00e9<br data-start=\"376\" data-end=\"379\" \/>\u2705 <strong data-start=\"381\" data-end=\"408\">Formato ultraconveniente<\/strong>:Desgarra, bebe y vuelve a la normalidad!<br data-start=\"443\" data-end=\"446\" \/>\u2705 <strong data-start=\"448\" data-end=\"474\">Perfecto para cualquier momento<\/strong>:en el trabajo, en el gimnasio, de viaje<\/p>\n<p data-start=\"510\" data-end=\"551\" data-is-last-node=\"\" data-is-only-node=\"\">\ud83d\udd25 <strong data-start=\"513\" data-end=\"548\">L\u00c1GRIMA, SIP, DAR RIENDA SUELTA A SU ENERG\u00cdA!<\/strong> \ud83d\udd25<\/p>\n<p data-start=\"510\" data-end=\"551\" data-is-last-node=\"\" data-is-only-node=\"\">CONTACT : INFO@LUWAKENERGY.COM<\/p>\n\t\t\t<\/div>\n\t\t\t\t\t<div class=\"woocommerce-Tabs-panel woocommerce-Tabs-panel--additional_information panel entry-content wc-tab\" id=\"tab-additional_information\" role=\"tabpanel\" aria-labelledby=\"tab-title-additional_information\">\n\t\t\t\t\n\t<h2 data-no-translation=\"\" data-trp-gettext=\"\">Informaci\u00f3n adicional<\/h2>\n\n<table class=\"woocommerce-product-attributes shop_attributes\" aria-label=\"Detalles del producto\" data-no-translation-aria-label=\"\">\n\t\t\t<tr class=\"woocommerce-product-attributes-item woocommerce-product-attributes-item--attribute_quantita\">\n\t\t\t<th class=\"woocommerce-product-attributes-item__label\" scope=\"row\">QUANTITA&#039;<\/th>\n\t\t\t<td class=\"woocommerce-product-attributes-item__value\"><p>PACK DEGUSTACI\u00d3N 3PZ X 125 ml, MEGA PACK 24PZ X 125ml<\/p>\n<\/td>\n\t\t<\/tr>\n\t<\/table>\n\t\t\t<\/div>\n\t\t\n\t\t\t<\/div>\n\n<\/div>\n\n\t\t\t<\/div>\n\t\t\t<\/div>\t\t\t\t<\/div>\n\t\t\t\t<\/div>\n\t\t\t\t\t<\/div>\n\t\t<\/div>\n\t\t\t\t\t<\/div>\n\t\t<\/section>\n\t\t\t\t<\/div>","protected":false},"excerpt":{"rendered":"","protected":false},"author":1,"featured_media":0,"parent":0,"menu_order":0,"comment_status":"closed","ping_status":"closed","template":"","meta":{"_coblocks_attr":"","_coblocks_dimensions":"","_coblocks_responsive_height":"","_coblocks_accordion_ie_support":"","site-sidebar-layout":"no-sidebar","site-content-layout":"page-builder","ast-site-content-layout":"full-width-container","site-content-style":"default","site-sidebar-style":"default","ast-global-header-display":"","ast-banner-title-visibility":"","ast-main-header-display":"","ast-hfb-above-header-display":"","ast-hfb-below-header-display":"","ast-hfb-mobile-header-display":"","site-post-title":"disabled","ast-breadcrumbs-content":"","ast-featured-img":"disabled","footer-sml-layout":"","ast-disable-related-posts":"","theme-transparent-header-meta":"","adv-header-id-meta":"","stick-header-meta":"","header-above-stick-meta":"","header-main-stick-meta":"","header-below-stick-meta":"","astra-migrate-meta-layouts":"set","ast-page-background-enabled":"default","ast-page-background-meta":{"desktop":{"background-color":"","background-image":"","background-repeat":"repeat","background-position":"center center","background-size":"auto","background-attachment":"scroll","background-type":"","background-media":"","overlay-type":"","overlay-color":"","overlay-opacity":"","overlay-gradient":""},"tablet":{"background-color":"","background-image":"","background-repeat":"repeat","background-position":"center center","background-size":"auto","background-attachment":"scroll","background-type":"","background-media":"","overlay-type":"","overlay-color":"","overlay-opacity":"","overlay-gradient":""},"mobile":{"background-color":"","background-image":"","background-repeat":"repeat","background-position":"center center","background-size":"auto","background-attachment":"scroll","background-type":"","background-media":"","overlay-type":"","overlay-color":"","overlay-opacity":"","overlay-gradient":""}},"ast-content-background-meta":{"desktop":{"background-color":"var(--ast-global-color-5)","background-image":"","background-repeat":"repeat","background-position":"center center","background-size":"auto","background-attachment":"scroll","background-type":"","background-media":"","overlay-type":"","overlay-color":"","overlay-opacity":"","overlay-gradient":""},"tablet":{"background-color":"var(--ast-global-color-5)","background-image":"","background-repeat":"repeat","background-position":"center center","background-size":"auto","background-attachment":"scroll","background-type":"","background-media":"","overlay-type":"","overlay-color":"","overlay-opacity":"","overlay-gradient":""},"mobile":{"background-color":"var(--ast-global-color-5)","background-image":"","background-repeat":"repeat","background-position":"center center","background-size":"auto","background-attachment":"scroll","background-type":"","background-media":"","overlay-type":"","overlay-color":"","overlay-opacity":"","overlay-gradient":""}},"footnotes":""},"class_list":["post-1383","page","type-page","status-publish","hentry","desktop-align-left","tablet-align-left","mobile-align-left"],"yoast_head":"<!-- This site is optimized with the Yoast SEO plugin v27.5 - https:\/\/yoast.com\/product\/yoast-seo-wordpress\/ -->\n<title>Best Coffee Based Sugar Free Energy Drinks | Natural Caffeine Drinks<\/title>\n<meta name=\"description\" content=\"Find the perfect blend of taste and energy with the best coffee based sugar free energy drinks. Luwak natural caffeine energy drink is ideal for sports enthusiasts thanks to its extremely low calorie content.\" \/>\n<meta name=\"robots\" content=\"index, follow, max-snippet:-1, max-image-preview:large, max-video-preview:-1\" \/>\n<link rel=\"canonical\" href=\"https:\/\/luwakenergy.com\/es\/buy-luwak\/\" \/>\n<meta property=\"og:locale\" content=\"es_ES\" \/>\n<meta property=\"og:type\" content=\"article\" \/>\n<meta property=\"og:title\" content=\"Best Coffee Based Sugar Free Energy Drinks | Natural Caffeine Drinks\" \/>\n<meta property=\"og:description\" content=\"Find the perfect blend of taste and energy with the best coffee based sugar free energy drinks. Luwak natural caffeine energy drink is ideal for sports enthusiasts thanks to its extremely low calorie content.\" \/>\n<meta property=\"og:url\" content=\"https:\/\/luwakenergy.com\/es\/buy-luwak\/\" \/>\n<meta property=\"og:site_name\" content=\"LUWAK ENERGY DRINK\" \/>\n<meta property=\"article:modified_time\" content=\"2024-02-27T09:04:46+00:00\" \/>\n<meta name=\"twitter:card\" content=\"summary_large_image\" \/>\n<meta name=\"twitter:label1\" content=\"Tiempo de lectura\" \/>\n\t<meta name=\"twitter:data1\" content=\"4 minutos\" \/>\n<script type=\"application\/ld+json\" class=\"yoast-schema-graph\">{\"@context\":\"https:\\\/\\\/schema.org\",\"@graph\":[{\"@type\":\"WebPage\",\"@id\":\"https:\\\/\\\/luwakenergy.com\\\/buy-luwak\\\/\",\"url\":\"https:\\\/\\\/luwakenergy.com\\\/buy-luwak\\\/\",\"name\":\"Best Coffee Based Sugar Free Energy Drinks | Natural Caffeine Drinks\",\"isPartOf\":{\"@id\":\"https:\\\/\\\/luwakenergy.com\\\/#website\"},\"datePublished\":\"2023-08-31T15:38:29+00:00\",\"dateModified\":\"2024-02-27T09:04:46+00:00\",\"description\":\"Find the perfect blend of taste and energy with the best coffee based sugar free energy drinks. Luwak natural caffeine energy drink is ideal for sports enthusiasts thanks to its extremely low calorie content.\",\"breadcrumb\":{\"@id\":\"https:\\\/\\\/luwakenergy.com\\\/buy-luwak\\\/#breadcrumb\"},\"inLanguage\":\"es\",\"potentialAction\":[{\"@type\":\"ReadAction\",\"target\":[\"https:\\\/\\\/luwakenergy.com\\\/buy-luwak\\\/\"]}]},{\"@type\":\"BreadcrumbList\",\"@id\":\"https:\\\/\\\/luwakenergy.com\\\/buy-luwak\\\/#breadcrumb\",\"itemListElement\":[{\"@type\":\"ListItem\",\"position\":1,\"name\":\"Home\",\"item\":\"https:\\\/\\\/luwakenergy.com\\\/\"},{\"@type\":\"ListItem\",\"position\":2,\"name\":\"Acquista Luwak Energy\"}]},{\"@type\":\"WebSite\",\"@id\":\"https:\\\/\\\/luwakenergy.com\\\/#website\",\"url\":\"https:\\\/\\\/luwakenergy.com\\\/\",\"name\":\"LUWAK ENERGY DRINK\",\"description\":\"\",\"publisher\":{\"@id\":\"https:\\\/\\\/luwakenergy.com\\\/#organization\"},\"potentialAction\":[{\"@type\":\"SearchAction\",\"target\":{\"@type\":\"EntryPoint\",\"urlTemplate\":\"https:\\\/\\\/luwakenergy.com\\\/?s={search_term_string}\"},\"query-input\":{\"@type\":\"PropertyValueSpecification\",\"valueRequired\":true,\"valueName\":\"search_term_string\"}}],\"inLanguage\":\"es\"},{\"@type\":\"Organization\",\"@id\":\"https:\\\/\\\/luwakenergy.com\\\/#organization\",\"name\":\"LUWAK ENERGY DRINK\",\"url\":\"https:\\\/\\\/luwakenergy.com\\\/\",\"logo\":{\"@type\":\"ImageObject\",\"inLanguage\":\"es\",\"@id\":\"https:\\\/\\\/luwakenergy.com\\\/#\\\/schema\\\/logo\\\/image\\\/\",\"url\":\"https:\\\/\\\/luwakenergy.com\\\/wp-content\\\/uploads\\\/2023\\\/08\\\/luwajcoffee.png\",\"contentUrl\":\"https:\\\/\\\/luwakenergy.com\\\/wp-content\\\/uploads\\\/2023\\\/08\\\/luwajcoffee.png\",\"width\":452,\"height\":452,\"caption\":\"LUWAK ENERGY DRINK\"},\"image\":{\"@id\":\"https:\\\/\\\/luwakenergy.com\\\/#\\\/schema\\\/logo\\\/image\\\/\"}}]}<\/script>\n<!-- \/ Yoast SEO plugin. -->","yoast_head_json":{"title":"El Mejor Caf\u00e9 Sin Az\u00facar, Bebidas Energ\u00e9ticas | Natural Consumo De Bebidas Con Cafe\u00edna","description":"Encontrar la mezcla perfecta de sabor y energ\u00eda con el mejor caf\u00e9 sin az\u00facar de las bebidas energ\u00e9ticas. Luwak natural de cafe\u00edna de la bebida de energ\u00eda es ideal para los amantes de los deportes gracias a su muy bajo contenido cal\u00f3rico.","robots":{"index":"index","follow":"follow","max-snippet":"max-snippet:-1","max-image-preview":"max-image-preview:large","max-video-preview":"max-video-preview:-1"},"canonical":"https:\/\/luwakenergy.com\/es\/buy-luwak\/","og_locale":"es_ES","og_type":"article","og_title":"Best Coffee Based Sugar Free Energy Drinks | Natural Caffeine Drinks","og_description":"Find the perfect blend of taste and energy with the best coffee based sugar free energy drinks. Luwak natural caffeine energy drink is ideal for sports enthusiasts thanks to its extremely low calorie content.","og_url":"https:\/\/luwakenergy.com\/es\/buy-luwak\/","og_site_name":"LUWAK ENERGY DRINK","article_modified_time":"2024-02-27T09:04:46+00:00","twitter_card":"summary_large_image","twitter_misc":{"Tiempo de lectura":"4 minutos"},"schema":{"@context":"https:\/\/schema.org","@graph":[{"@type":"WebPage","@id":"https:\/\/luwakenergy.com\/buy-luwak\/","url":"https:\/\/luwakenergy.com\/buy-luwak\/","name":"El Mejor Caf\u00e9 Sin Az\u00facar, Bebidas Energ\u00e9ticas | Natural Consumo De Bebidas Con Cafe\u00edna","isPartOf":{"@id":"https:\/\/luwakenergy.com\/#website"},"datePublished":"2023-08-31T15:38:29+00:00","dateModified":"2024-02-27T09:04:46+00:00","description":"Encontrar la mezcla perfecta de sabor y energ\u00eda con el mejor caf\u00e9 sin az\u00facar de las bebidas energ\u00e9ticas. Luwak natural de cafe\u00edna de la bebida de energ\u00eda es ideal para los amantes de los deportes gracias a su muy bajo contenido cal\u00f3rico.","breadcrumb":{"@id":"https:\/\/luwakenergy.com\/buy-luwak\/#breadcrumb"},"inLanguage":"es","potentialAction":[{"@type":"ReadAction","target":["https:\/\/luwakenergy.com\/buy-luwak\/"]}]},{"@type":"BreadcrumbList","@id":"https:\/\/luwakenergy.com\/buy-luwak\/#breadcrumb","itemListElement":[{"@type":"ListItem","position":1,"name":"Home","item":"https:\/\/luwakenergy.com\/"},{"@type":"ListItem","position":2,"name":"Acquista Luwak Energy"}]},{"@type":"WebSite","@id":"https:\/\/luwakenergy.com\/#website","url":"https:\/\/luwakenergy.com\/","name":"LUWAK BEBIDA ENERG\u00c9TICA","description":"","publisher":{"@id":"https:\/\/luwakenergy.com\/#organization"},"potentialAction":[{"@type":"SearchAction","target":{"@type":"EntryPoint","urlTemplate":"https:\/\/luwakenergy.com\/?s={search_term_string}"},"query-input":{"@type":"PropertyValueSpecification","valueRequired":true,"valueName":"search_term_string"}}],"inLanguage":"es"},{"@type":"Organization","@id":"https:\/\/luwakenergy.com\/#organization","name":"LUWAK BEBIDA ENERG\u00c9TICA","url":"https:\/\/luwakenergy.com\/","logo":{"@type":"ImageObject","inLanguage":"es","@id":"https:\/\/luwakenergy.com\/#\/schema\/logo\/image\/","url":"https:\/\/luwakenergy.com\/wp-content\/uploads\/2023\/08\/luwajcoffee.png","contentUrl":"https:\/\/luwakenergy.com\/wp-content\/uploads\/2023\/08\/luwajcoffee.png","width":452,"height":452,"caption":"LUWAK ENERGY DRINK"},"image":{"@id":"https:\/\/luwakenergy.com\/#\/schema\/logo\/image\/"}}]}},"jetpack-related-posts":[],"jetpack_shortlink":"https:\/\/wp.me\/Pf5sE7-mj","_links":{"self":[{"href":"https:\/\/luwakenergy.com\/es\/wp-json\/wp\/v2\/pages\/1383","targetHints":{"allow":["GET"]}}],"collection":[{"href":"https:\/\/luwakenergy.com\/es\/wp-json\/wp\/v2\/pages"}],"about":[{"href":"https:\/\/luwakenergy.com\/es\/wp-json\/wp\/v2\/types\/page"}],"author":[{"embeddable":true,"href":"https:\/\/luwakenergy.com\/es\/wp-json\/wp\/v2\/users\/1"}],"replies":[{"embeddable":true,"href":"https:\/\/luwakenergy.com\/es\/wp-json\/wp\/v2\/comments?post=1383"}],"version-history":[{"count":18,"href":"https:\/\/luwakenergy.com\/es\/wp-json\/wp\/v2\/pages\/1383\/revisions"}],"predecessor-version":[{"id":2788,"href":"https:\/\/luwakenergy.com\/es\/wp-json\/wp\/v2\/pages\/1383\/revisions\/2788"}],"wp:attachment":[{"href":"https:\/\/luwakenergy.com\/es\/wp-json\/wp\/v2\/media?parent=1383"}],"curies":[{"name":"wp","href":"https:\/\/api.w.org\/{rel}","templated":true}]}}